{"id":1128,"date":"2024-04-25T12:07:41","date_gmt":"2024-04-25T17:07:41","guid":{"rendered":"https:\/\/www.bancocapital.com\/web\/?page_id=1128"},"modified":"2024-10-24T11:47:36","modified_gmt":"2024-10-24T16:47:36","slug":"informacion-cosede","status":"publish","type":"page","link":"https:\/\/www.bancocapital.com\/web\/informacion-cosede\/","title":{"rendered":"Informaci\u00f3n COSEDE"},"content":{"rendered":"\t\t<div data-elementor-type=\"wp-page\" data-elementor-id=\"1128\" class=\"elementor elementor-1128\">\n\t\t\t\t\t\t<section class=\"elementor-section elementor-top-section elementor-element elementor-element-c37e4df elementor-section-boxed elementor-section-height-default elementor-section-height-default\" data-id=\"c37e4df\" data-element_type=\"section\" data-settings=\"{&quot;background_background&quot;:&quot;classic&quot;,&quot;_ha_eqh_enable&quot;:false}\">\n\t\t\t\t\t\t\t<div class=\"elementor-background-overlay\"><\/div>\n\t\t\t\t\t\t\t<div class=\"elementor-container elementor-column-gap-default\">\n\t\t\t\t\t<div class=\"aux-parallax-section elementor-column elementor-col-100 elementor-top-column elementor-element elementor-element-1b6f217\" data-id=\"1b6f217\" data-element_type=\"column\">\n\t\t\t<div class=\"elementor-widget-wrap elementor-element-populated\">\n\t\t\t\t\t\t<div class=\"elementor-element elementor-element-3ce87dc elementor-widget elementor-widget-image\" data-id=\"3ce87dc\" data-element_type=\"widget\" data-widget_type=\"image.default\">\n\t\t\t\t<div class=\"elementor-widget-container\">\n\t\t\t\t\t\t\t\t\t\t\t\t\t<img fetchpriority=\"high\" decoding=\"async\" width=\"789\" height=\"855\" src=\"https:\/\/www.bancocapital.com\/web\/wp-content\/uploads\/2024\/10\/banco-25.png\" class=\"attachment-large size-large wp-image-2938\" alt=\"\" srcset=\"https:\/\/www.bancocapital.com\/web\/wp-content\/uploads\/2024\/10\/banco-25.png 789w, https:\/\/www.bancocapital.com\/web\/wp-content\/uploads\/2024\/10\/banco-25-200x217.png 200w\" sizes=\"(max-width: 789px) 100vw, 789px\" \/>\t\t\t\t\t\t\t\t\t\t\t\t\t<\/div>\n\t\t\t\t<\/div>\n\t\t\t\t<div class=\"elementor-element elementor-element-6f81815 elementor-widget elementor-widget-heading\" data-id=\"6f81815\" data-element_type=\"widget\" data-widget_type=\"heading.default\">\n\t\t\t\t<div class=\"elementor-widget-container\">\n\t\t\t<h2 class=\"elementor-heading-title elementor-size-default\">Informaci\u00f3n COSEDE<\/h2>\t\t<\/div>\n\t\t\t\t<\/div>\n\t\t\t\t\t<\/div>\n\t\t<\/div>\n\t\t\t\t\t<\/div>\n\t\t<\/section>\n\t\t\t\t<section class=\"elementor-section elementor-top-section elementor-element elementor-element-8989c09 elementor-section-full_width elementor-section-height-default elementor-section-height-default\" data-id=\"8989c09\" data-element_type=\"section\" data-settings=\"{&quot;background_background&quot;:&quot;classic&quot;,&quot;_ha_eqh_enable&quot;:false}\">\n\t\t\t\t\t\t\t<div class=\"elementor-background-overlay\"><\/div>\n\t\t\t\t\t\t\t<div class=\"elementor-container elementor-column-gap-no\">\n\t\t\t\t\t<div class=\"aux-parallax-section elementor-column elementor-col-50 elementor-top-column elementor-element elementor-element-86f4429\" data-id=\"86f4429\" data-element_type=\"column\" data-settings=\"{&quot;background_background&quot;:&quot;classic&quot;}\">\n\t\t\t<div class=\"elementor-widget-wrap elementor-element-populated\">\n\t\t\t\t\t\t<div class=\"elementor-element elementor-element-e5d2d70 elementor-widget elementor-widget-spacer\" data-id=\"e5d2d70\" data-element_type=\"widget\" data-widget_type=\"spacer.default\">\n\t\t\t\t<div class=\"elementor-widget-container\">\n\t\t\t\t\t<div class=\"elementor-spacer\">\n\t\t\t<div class=\"elementor-spacer-inner\"><\/div>\n\t\t<\/div>\n\t\t\t\t<\/div>\n\t\t\t\t<\/div>\n\t\t\t\t<div class=\"elementor-element elementor-element-c7ecba2 elementor-widget elementor-widget-spacer\" data-id=\"c7ecba2\" data-element_type=\"widget\" data-widget_type=\"spacer.default\">\n\t\t\t\t<div class=\"elementor-widget-container\">\n\t\t\t\t\t<div class=\"elementor-spacer\">\n\t\t\t<div class=\"elementor-spacer-inner\"><\/div>\n\t\t<\/div>\n\t\t\t\t<\/div>\n\t\t\t\t<\/div>\n\t\t\t\t<div class=\"elementor-element elementor-element-6d665f1 elementor-widget__width-initial elementor-widget elementor-widget-text-editor\" data-id=\"6d665f1\" data-element_type=\"widget\" data-widget_type=\"text-editor.default\">\n\t\t\t\t<div class=\"elementor-widget-container\">\n\t\t\t\t\t\t\t<div dir=\"auto\">La Corporaci\u00f3n del Seguro de Dep\u00f3sitos, Fondo de Liquidez y Fondo de Seguros Privados es la persona jur\u00eddica de derecho p\u00fablico, encargada de la administraci\u00f3n de:<\/div><div dir=\"auto\">\u00a0<\/div><div dir=\"auto\">\u2022 Fondo de Seguro de Dep\u00f3sitos<\/div><div dir=\"auto\">\u2022 Fondo de Liquidez<\/div><div dir=\"auto\">\u2022 Fondo de Seguros Privados<\/div><div dir=\"auto\">\u00a0<\/div><h4 dir=\"auto\"><strong>\u00bfQu\u00e9 es el Seguro de Dep\u00f3sitos?<\/strong><\/h4><div dir=\"auto\">El Seguro de Dep\u00f3sitos es un mecanismo que garantiza a los ahorristas, disponer de su dinero en caso de que la entidad financiera no pueda cumplir con su obligaci\u00f3n de pago, de acuerdo a la normativa vigente.<\/div><p>\u00a0<\/p><p>Nuestra gesti\u00f3n est\u00e1 centrada en el cliente y orientada hacia la productividad y la creaci\u00f3n de valor, con productos y servicios de impacto social, contribuci\u00f3n a la comunidad y tocando la vida de la gente.<\/p>\t\t\t\t\t\t<\/div>\n\t\t\t\t<\/div>\n\t\t\t\t<div class=\"elementor-element elementor-element-87c20fc elementor-widget elementor-widget-spacer\" data-id=\"87c20fc\" data-element_type=\"widget\" data-widget_type=\"spacer.default\">\n\t\t\t\t<div class=\"elementor-widget-container\">\n\t\t\t\t\t<div class=\"elementor-spacer\">\n\t\t\t<div class=\"elementor-spacer-inner\"><\/div>\n\t\t<\/div>\n\t\t\t\t<\/div>\n\t\t\t\t<\/div>\n\t\t\t\t<div class=\"elementor-element elementor-element-67a2132 elementor-align-center elementor-widget elementor-widget-button\" data-id=\"67a2132\" data-element_type=\"widget\" data-widget_type=\"button.default\">\n\t\t\t\t<div class=\"elementor-widget-container\">\n\t\t\t\t\t<div class=\"elementor-button-wrapper\">\n\t\t\t<a class=\"elementor-button elementor-button-link elementor-size-sm\" href=\"https:\/\/www.cosede.gob.ec\/\">\n\t\t\t\t\t\t<span class=\"elementor-button-content-wrapper\">\n\t\t\t\t\t\t<span class=\"elementor-button-text\">M\u00e1s informaci\u00f3n<\/span>\n\t\t<\/span>\n\t\t\t\t\t<\/a>\n\t\t<\/div>\n\t\t\t\t<\/div>\n\t\t\t\t<\/div>\n\t\t\t\t<div class=\"elementor-element elementor-element-612a358 elementor-widget elementor-widget-spacer\" data-id=\"612a358\" data-element_type=\"widget\" data-widget_type=\"spacer.default\">\n\t\t\t\t<div class=\"elementor-widget-container\">\n\t\t\t\t\t<div class=\"elementor-spacer\">\n\t\t\t<div class=\"elementor-spacer-inner\"><\/div>\n\t\t<\/div>\n\t\t\t\t<\/div>\n\t\t\t\t<\/div>\n\t\t\t\t\t<\/div>\n\t\t<\/div>\n\t\t\t\t<div class=\"aux-parallax-section elementor-column elementor-col-50 elementor-top-column elementor-element elementor-element-524e956\" data-id=\"524e956\" data-element_type=\"column\" data-settings=\"{&quot;background_background&quot;:&quot;classic&quot;}\">\n\t\t\t<div class=\"elementor-widget-wrap elementor-element-populated\">\n\t\t\t\t\t\t<div class=\"elementor-element elementor-element-00876f3 elementor-widget elementor-widget-spacer\" data-id=\"00876f3\" data-element_type=\"widget\" data-widget_type=\"spacer.default\">\n\t\t\t\t<div class=\"elementor-widget-container\">\n\t\t\t\t\t<div class=\"elementor-spacer\">\n\t\t\t<div class=\"elementor-spacer-inner\"><\/div>\n\t\t<\/div>\n\t\t\t\t<\/div>\n\t\t\t\t<\/div>\n\t\t\t\t<div class=\"elementor-element elementor-element-f9120a4 elementor-widget elementor-widget-image\" data-id=\"f9120a4\" data-element_type=\"widget\" data-widget_type=\"image.default\">\n\t\t\t\t<div class=\"elementor-widget-container\">\n\t\t\t\t\t\t\t\t\t\t\t\t\t<img decoding=\"async\" width=\"1024\" height=\"621\" src=\"https:\/\/www.bancocapital.com\/web\/wp-content\/uploads\/2024\/04\/WhatsApp-Image-2024-04-25-at-12.18.25-1024x621.jpeg\" class=\"attachment-large size-large wp-image-1141\" alt=\"\" \/>\t\t\t\t\t\t\t\t\t\t\t\t\t<\/div>\n\t\t\t\t<\/div>\n\t\t\t\t<div class=\"elementor-element elementor-element-f0d9ecf elementor-widget elementor-widget-elementskit-video\" data-id=\"f0d9ecf\" data-element_type=\"widget\" data-widget_type=\"elementskit-video.default\">\n\t\t\t\t<div class=\"elementor-widget-container\">\n\t\t\t<div class=\"ekit-wid-con\" >\t\t<div class=\"video-content\" data-video-player=\"[]\" data-video-setting=\"{&quot;videoVolume&quot;:&quot;horizontal&quot;,&quot;startVolume&quot;:0.8000000000000000444089209850062616169452667236328125,&quot;videoType&quot;:&quot;iframe&quot;,&quot;videoClass&quot;:&quot;mfp-fade&quot;}\">\n\t\t\t\n<a class=\"ekit_icon_button glow-btn ekit-video-popup ekit-video-popup-btn\" href=\"https:\/\/www.youtube.com\/embed\/50-YdlzgBQA?feature=oembed?playlist=50-YdlzgBQA&amp;mute=0&amp;autoplay=1&amp;loop=no&amp;controls=0&amp;start=0&amp;end=\" aria-label=\"video-popup\">\n\t\t\t\t<i aria-hidden=\"true\" class=\"icon icon-play\"><\/i>\t\t<\/a>\n\t\t\t\t\t<\/div>\n\t\t<\/div>\t\t<\/div>\n\t\t\t\t<\/div>\n\t\t\t\t\t<\/div>\n\t\t<\/div>\n\t\t\t\t\t<\/div>\n\t\t<\/section>\n\t\t\t\t<\/div>\n\t\t","protected":false},"excerpt":{"rendered":"<p>Informaci\u00f3n COSEDE La Corporaci\u00f3n del Seguro de Dep\u00f3sitos, Fondo de Liquidez y Fondo de Seguros Privados es la persona jur\u00eddica de derecho p\u00fablico, encargada de la administraci\u00f3n de:\u00a0\u2022 Fondo de Seguro de Dep\u00f3sitos\u2022 Fondo de Liquidez\u2022 Fondo de Seguros Privados\u00a0 \u00bfQu\u00e9 es el Seguro de Dep\u00f3sitos? El Seguro de Dep\u00f3sitos es un mecanismo que garantiza [&hellip;]<\/p>\n","protected":false},"author":1,"featured_media":0,"parent":0,"menu_order":0,"comment_status":"closed","ping_status":"closed","template":"templates\/page-builder-content.php","meta":{"iawp_total_views":73,"footnotes":""},"class_list":["post-1128","page","type-page","status-publish","hentry"],"_links":{"self":[{"href":"https:\/\/www.bancocapital.com\/web\/wp-json\/wp\/v2\/pages\/1128","targetHints":{"allow":["GET"]}}],"collection":[{"href":"https:\/\/www.bancocapital.com\/web\/wp-json\/wp\/v2\/pages"}],"about":[{"href":"https:\/\/www.bancocapital.com\/web\/wp-json\/wp\/v2\/types\/page"}],"author":[{"embeddable":true,"href":"https:\/\/www.bancocapital.com\/web\/wp-json\/wp\/v2\/users\/1"}],"replies":[{"embeddable":true,"href":"https:\/\/www.bancocapital.com\/web\/wp-json\/wp\/v2\/comments?post=1128"}],"version-history":[{"count":40,"href":"https:\/\/www.bancocapital.com\/web\/wp-json\/wp\/v2\/pages\/1128\/revisions"}],"predecessor-version":[{"id":3568,"href":"https:\/\/www.bancocapital.com\/web\/wp-json\/wp\/v2\/pages\/1128\/revisions\/3568"}],"wp:attachment":[{"href":"https:\/\/www.bancocapital.com\/web\/wp-json\/wp\/v2\/media?parent=1128"}],"curies":[{"name":"wp","href":"https:\/\/api.w.org\/{rel}","templated":true}]}}