{"id":936,"date":"2024-04-19T14:37:04","date_gmt":"2024-04-19T19:37:04","guid":{"rendered":"https:\/\/www.bancocapital.com\/web\/?page_id=936"},"modified":"2025-12-23T12:25:22","modified_gmt":"2025-12-23T17:25:22","slug":"buen-gobierno-corporativo","status":"publish","type":"page","link":"https:\/\/www.bancocapital.com\/web\/buen-gobierno-corporativo\/","title":{"rendered":"Buen Gobierno Corporativo"},"content":{"rendered":"\t\t<div data-elementor-type=\"wp-page\" data-elementor-id=\"936\" class=\"elementor elementor-936\" data-elementor-settings=\"{&quot;ha_cmc_init_switcher&quot;:&quot;no&quot;}\">\n\t\t\t\t\t\t<section class=\"elementor-section elementor-top-section elementor-element elementor-element-a51a9a8 elementor-section-boxed elementor-section-height-default elementor-section-height-default\" data-id=\"a51a9a8\" data-element_type=\"section\" data-settings=\"{&quot;background_background&quot;:&quot;classic&quot;,&quot;_ha_eqh_enable&quot;:false}\">\n\t\t\t\t\t\t\t<div class=\"elementor-background-overlay\"><\/div>\n\t\t\t\t\t\t\t<div class=\"elementor-container elementor-column-gap-default\">\n\t\t\t\t\t<div class=\"aux-parallax-section elementor-column elementor-col-100 elementor-top-column elementor-element elementor-element-76c990f\" data-id=\"76c990f\" data-element_type=\"column\">\n\t\t\t<div class=\"elementor-widget-wrap elementor-element-populated\">\n\t\t\t\t\t\t<div class=\"elementor-element elementor-element-13de138 elementor-widget elementor-widget-image\" data-id=\"13de138\" data-element_type=\"widget\" data-widget_type=\"image.default\">\n\t\t\t\t<div class=\"elementor-widget-container\">\n\t\t\t\t\t\t\t\t\t\t\t\t\t<img fetchpriority=\"high\" decoding=\"async\" width=\"842\" height=\"603\" src=\"https:\/\/www.bancocapital.com\/web\/wp-content\/uploads\/2024\/10\/banco-12.png\" class=\"attachment-large size-large wp-image-2756\" alt=\"\" srcset=\"https:\/\/www.bancocapital.com\/web\/wp-content\/uploads\/2024\/10\/banco-12.png 842w, https:\/\/www.bancocapital.com\/web\/wp-content\/uploads\/2024\/10\/banco-12-200x143.png 200w\" sizes=\"(max-width: 842px) 100vw, 842px\" \/>\t\t\t\t\t\t\t\t\t\t\t\t\t<\/div>\n\t\t\t\t<\/div>\n\t\t\t\t<div class=\"elementor-element elementor-element-8d0f1dd elementor-widget elementor-widget-heading\" data-id=\"8d0f1dd\" data-element_type=\"widget\" data-widget_type=\"heading.default\">\n\t\t\t\t<div class=\"elementor-widget-container\">\n\t\t\t<h2 class=\"elementor-heading-title elementor-size-default\">Buen Gobierno Corporativo<\/h2>\t\t<\/div>\n\t\t\t\t<\/div>\n\t\t\t\t<section class=\"elementor-section elementor-inner-section elementor-element elementor-element-ff7e86b elementor-section-boxed elementor-section-height-default elementor-section-height-default\" data-id=\"ff7e86b\" data-element_type=\"section\" data-settings=\"{&quot;_ha_eqh_enable&quot;:false}\">\n\t\t\t\t\t\t<div class=\"elementor-container elementor-column-gap-default\">\n\t\t\t\t\t<div class=\"aux-parallax-section elementor-column elementor-col-33 elementor-inner-column elementor-element elementor-element-dfd0bd4\" data-id=\"dfd0bd4\" data-element_type=\"column\">\n\t\t\t<div class=\"elementor-widget-wrap\">\n\t\t\t\t\t\t\t<\/div>\n\t\t<\/div>\n\t\t\t\t<div class=\"aux-parallax-section elementor-column elementor-col-33 elementor-inner-column elementor-element elementor-element-5c85755\" data-id=\"5c85755\" data-element_type=\"column\">\n\t\t\t<div class=\"elementor-widget-wrap elementor-element-populated\">\n\t\t\t\t\t\t<div class=\"elementor-element elementor-element-2d3084d elementor-widget elementor-widget-text-editor\" data-id=\"2d3084d\" data-element_type=\"widget\" data-widget_type=\"text-editor.default\">\n\t\t\t\t<div class=\"elementor-widget-container\">\n\t\t\t\t\t\t\t<p>Para BANCO CAPITAL el Gobierno Corporativo es el conjunto de pr\u00e1cticas que el Banco adopta, implementa y cumple, que gobiernan las relaciones entre la Administraci\u00f3n y los grupos de inter\u00e9s, que le permiten manejar de manera eficiente el conjunto de relaciones entre todos estos grupos, incluyendo su incidencia en la comunidad. La pr\u00e1ctica de un buen gobierno corporativo conlleva al cumplimiento de los objetivos institucionales que aseguran una organizaci\u00f3n segura, viable y competitiva, tal como lo establece el Art\u00edculo 47 del Estatuto Social.<\/p>\t\t\t\t\t\t<\/div>\n\t\t\t\t<\/div>\n\t\t\t\t\t<\/div>\n\t\t<\/div>\n\t\t\t\t<div class=\"aux-parallax-section elementor-column elementor-col-33 elementor-inner-column elementor-element elementor-element-8f5ef67\" data-id=\"8f5ef67\" data-element_type=\"column\">\n\t\t\t<div class=\"elementor-widget-wrap\">\n\t\t\t\t\t\t\t<\/div>\n\t\t<\/div>\n\t\t\t\t\t<\/div>\n\t\t<\/section>\n\t\t\t\t\t<\/div>\n\t\t<\/div>\n\t\t\t\t\t<\/div>\n\t\t<\/section>\n\t\t\t\t<section class=\"elementor-section elementor-top-section elementor-element elementor-element-7684f1a elementor-section-boxed elementor-section-height-default elementor-section-height-default\" data-id=\"7684f1a\" data-element_type=\"section\" data-settings=\"{&quot;background_background&quot;:&quot;classic&quot;,&quot;_ha_eqh_enable&quot;:false}\">\n\t\t\t\t\t\t\t<div class=\"elementor-background-overlay\"><\/div>\n\t\t\t\t\t\t\t<div class=\"elementor-container elementor-column-gap-default\">\n\t\t\t\t\t<div class=\"aux-parallax-section elementor-column elementor-col-100 elementor-top-column elementor-element elementor-element-ea93ecf\" data-id=\"ea93ecf\" data-element_type=\"column\">\n\t\t\t<div class=\"elementor-widget-wrap elementor-element-populated\">\n\t\t\t\t\t\t<section class=\"elementor-section elementor-inner-section elementor-element elementor-element-4ce0f0d elementor-section-boxed elementor-section-height-default elementor-section-height-default\" data-id=\"4ce0f0d\" data-element_type=\"section\" data-settings=\"{&quot;_ha_eqh_enable&quot;:false}\">\n\t\t\t\t\t\t<div class=\"elementor-container elementor-column-gap-default\">\n\t\t\t\t\t<div class=\"aux-parallax-section elementor-column elementor-col-33 elementor-inner-column elementor-element elementor-element-ea7769e\" data-id=\"ea7769e\" data-element_type=\"column\">\n\t\t\t<div class=\"elementor-widget-wrap\">\n\t\t\t\t\t\t\t<\/div>\n\t\t<\/div>\n\t\t\t\t<div class=\"aux-parallax-section elementor-column elementor-col-33 elementor-inner-column elementor-element elementor-element-e610926\" data-id=\"e610926\" data-element_type=\"column\">\n\t\t\t<div class=\"elementor-widget-wrap elementor-element-populated\">\n\t\t\t\t\t\t<div class=\"elementor-element elementor-element-1f2fe7f elementor-widget elementor-widget-image\" data-id=\"1f2fe7f\" data-element_type=\"widget\" data-widget_type=\"image.default\">\n\t\t\t\t<div class=\"elementor-widget-container\">\n\t\t\t\t\t\t\t\t\t\t\t\t\t<img decoding=\"async\" width=\"544\" height=\"466\" src=\"https:\/\/www.bancocapital.com\/web\/wp-content\/uploads\/2024\/10\/b002.png\" class=\"attachment-large size-large wp-image-2766\" alt=\"\" srcset=\"https:\/\/www.bancocapital.com\/web\/wp-content\/uploads\/2024\/10\/b002.png 544w, https:\/\/www.bancocapital.com\/web\/wp-content\/uploads\/2024\/10\/b002-200x171.png 200w\" sizes=\"(max-width: 544px) 100vw, 544px\" \/>\t\t\t\t\t\t\t\t\t\t\t\t\t<\/div>\n\t\t\t\t<\/div>\n\t\t\t\t\t<\/div>\n\t\t<\/div>\n\t\t\t\t<div class=\"aux-parallax-section elementor-column elementor-col-33 elementor-inner-column elementor-element elementor-element-9aca416\" data-id=\"9aca416\" data-element_type=\"column\">\n\t\t\t<div class=\"elementor-widget-wrap\">\n\t\t\t\t\t\t\t<\/div>\n\t\t<\/div>\n\t\t\t\t\t<\/div>\n\t\t<\/section>\n\t\t\t\t<section class=\"elementor-section elementor-inner-section elementor-element elementor-element-abb5900 elementor-section-boxed elementor-section-height-default elementor-section-height-default\" data-id=\"abb5900\" data-element_type=\"section\" data-settings=\"{&quot;_ha_eqh_enable&quot;:false}\">\n\t\t\t\t\t\t<div class=\"elementor-container elementor-column-gap-default\">\n\t\t\t\t\t<div class=\"aux-parallax-section elementor-column elementor-col-50 elementor-inner-column elementor-element elementor-element-11f0a80\" data-id=\"11f0a80\" data-element_type=\"column\">\n\t\t\t<div class=\"elementor-widget-wrap elementor-element-populated\">\n\t\t\t\t\t\t<div class=\"elementor-element elementor-element-8a30dc9 elementor-widget elementor-widget-spacer\" data-id=\"8a30dc9\" data-element_type=\"widget\" data-widget_type=\"spacer.default\">\n\t\t\t\t<div class=\"elementor-widget-container\">\n\t\t\t\t\t<div class=\"elementor-spacer\">\n\t\t\t<div class=\"elementor-spacer-inner\"><\/div>\n\t\t<\/div>\n\t\t\t\t<\/div>\n\t\t\t\t<\/div>\n\t\t\t\t<div class=\"elementor-element elementor-element-b217171 elementor-widget elementor-widget-text-editor\" data-id=\"b217171\" data-element_type=\"widget\" data-widget_type=\"text-editor.default\">\n\t\t\t\t<div class=\"elementor-widget-container\">\n\t\t\t\t\t\t\t<p>A trav\u00e9s de nuestro Gobierno Corporativo hemos establecido los deberes y derechos de cada grupo de inter\u00e9s que se relaciona con la instituci\u00f3n y el nivel de relacionamiento con cada uno de ellos; divulgaci\u00f3n de la informaci\u00f3n financiera, \u00e9tica empresarial, responsabilidad social, entre otros. Las pr\u00e1cticas de Gobierno Corporativo buscan precautelar los intereses de nuestros accionistas, fomentar la toma de decisiones efectiva, garantizando el cumplimiento de las leyes e implementaci\u00f3n de mecanismos para administrar cualquier conflicto de inter\u00e9s que pueda presentarse como resultado de la actividad bancaria.<\/p>\t\t\t\t\t\t<\/div>\n\t\t\t\t<\/div>\n\t\t\t\t\t<\/div>\n\t\t<\/div>\n\t\t\t\t<div class=\"aux-parallax-section elementor-column elementor-col-50 elementor-inner-column elementor-element elementor-element-914b4e8\" data-id=\"914b4e8\" data-element_type=\"column\" data-settings=\"{&quot;background_background&quot;:&quot;classic&quot;}\">\n\t\t\t<div class=\"elementor-widget-wrap elementor-element-populated\">\n\t\t\t\t\t\t<div class=\"elementor-element elementor-element-7760353 elementor-widget elementor-widget-spacer\" data-id=\"7760353\" data-element_type=\"widget\" data-widget_type=\"spacer.default\">\n\t\t\t\t<div class=\"elementor-widget-container\">\n\t\t\t\t\t<div class=\"elementor-spacer\">\n\t\t\t<div class=\"elementor-spacer-inner\"><\/div>\n\t\t<\/div>\n\t\t\t\t<\/div>\n\t\t\t\t<\/div>\n\t\t\t\t<div class=\"elementor-element elementor-element-511e6ba elementor-widget__width-initial elementor-widget elementor-widget-text-editor\" data-id=\"511e6ba\" data-element_type=\"widget\" data-widget_type=\"text-editor.default\">\n\t\t\t\t<div class=\"elementor-widget-container\">\n\t\t\t\t\t\t\t<p>Concordamos con la CAF en sus Lineamientos para un C\u00f3digo Latinoamericano de Gobierno Corporativo, publicados en el 2013, que expresan \u201c\u2026el conjunto de pr\u00e1cticas formales e informales que gobiernan las relaciones entre los administradores y todos aquellos que invierten recursos en la empresa, principalmente los accionistas y acreedores. Es obvio que las buenas pr\u00e1cticas de Gobierno Corporativo garanticen un mejor uso de los recursos, contribuyan a una mayor transparencia contable y mitiguen los problemas de informaci\u00f3n asim\u00e9trica que caracterizan a los mercados financieros\u201d.<\/p>\t\t\t\t\t\t<\/div>\n\t\t\t\t<\/div>\n\t\t\t\t<div class=\"elementor-element elementor-element-b9ca4a6 elementor-widget elementor-widget-spacer\" data-id=\"b9ca4a6\" data-element_type=\"widget\" data-widget_type=\"spacer.default\">\n\t\t\t\t<div class=\"elementor-widget-container\">\n\t\t\t\t\t<div class=\"elementor-spacer\">\n\t\t\t<div class=\"elementor-spacer-inner\"><\/div>\n\t\t<\/div>\n\t\t\t\t<\/div>\n\t\t\t\t<\/div>\n\t\t\t\t\t<\/div>\n\t\t<\/div>\n\t\t\t\t\t<\/div>\n\t\t<\/section>\n\t\t\t\t<section class=\"elementor-section elementor-inner-section elementor-element elementor-element-29bbd96 elementor-section-boxed elementor-section-height-default elementor-section-height-default\" data-id=\"29bbd96\" data-element_type=\"section\" data-settings=\"{&quot;_ha_eqh_enable&quot;:false}\">\n\t\t\t\t\t\t<div class=\"elementor-container elementor-column-gap-default\">\n\t\t\t\t\t<div class=\"aux-parallax-section elementor-column elementor-col-33 elementor-inner-column elementor-element elementor-element-c51b17f\" data-id=\"c51b17f\" data-element_type=\"column\">\n\t\t\t<div class=\"elementor-widget-wrap\">\n\t\t\t\t\t\t\t<\/div>\n\t\t<\/div>\n\t\t\t\t<div class=\"aux-parallax-section elementor-column elementor-col-33 elementor-inner-column elementor-element elementor-element-597fc02\" data-id=\"597fc02\" data-element_type=\"column\">\n\t\t\t<div class=\"elementor-widget-wrap elementor-element-populated\">\n\t\t\t\t\t\t<div class=\"elementor-element elementor-element-8b3a8a1 elementor-align-center elementor-widget elementor-widget-button\" data-id=\"8b3a8a1\" data-element_type=\"widget\" data-widget_type=\"button.default\">\n\t\t\t\t<div class=\"elementor-widget-container\">\n\t\t\t\t\t<div class=\"elementor-button-wrapper\">\n\t\t\t<a class=\"elementor-button elementor-button-link elementor-size-sm\" href=\"https:\/\/www.bancocapital.com\/web\/wp-content\/uploads\/2025\/12\/ANEXO-2-de-Buen-Gobierno-Corporativo-Banco-Capital-proyecto-1.pdf\">\n\t\t\t\t\t\t<span class=\"elementor-button-content-wrapper\">\n\t\t\t\t\t\t<span class=\"elementor-button-text\">Anexo buen Gobierno corporativo<\/span>\n\t\t<\/span>\n\t\t\t\t\t<\/a>\n\t\t<\/div>\n\t\t\t\t<\/div>\n\t\t\t\t<\/div>\n\t\t\t\t\t<\/div>\n\t\t<\/div>\n\t\t\t\t<div class=\"aux-parallax-section elementor-column elementor-col-33 elementor-inner-column elementor-element elementor-element-40f2fa6\" data-id=\"40f2fa6\" data-element_type=\"column\">\n\t\t\t<div class=\"elementor-widget-wrap\">\n\t\t\t\t\t\t\t<\/div>\n\t\t<\/div>\n\t\t\t\t\t<\/div>\n\t\t<\/section>\n\t\t\t\t\t<\/div>\n\t\t<\/div>\n\t\t\t\t\t<\/div>\n\t\t<\/section>\n\t\t\t\t<\/div>\n\t\t","protected":false},"excerpt":{"rendered":"<p>Buen Gobierno Corporativo Para BANCO CAPITAL el Gobierno Corporativo es el conjunto de pr\u00e1cticas que el Banco adopta, implementa y cumple, que gobiernan las relaciones entre la Administraci\u00f3n y los grupos de inter\u00e9s, que le permiten manejar de manera eficiente el conjunto de relaciones entre todos estos grupos, incluyendo su incidencia en la comunidad. La [&hellip;]<\/p>\n","protected":false},"author":1,"featured_media":0,"parent":0,"menu_order":0,"comment_status":"closed","ping_status":"closed","template":"templates\/page-builder-content.php","meta":{"iawp_total_views":378,"footnotes":""},"class_list":["post-936","page","type-page","status-publish","hentry"],"_links":{"self":[{"href":"https:\/\/www.bancocapital.com\/web\/wp-json\/wp\/v2\/pages\/936","targetHints":{"allow":["GET"]}}],"collection":[{"href":"https:\/\/www.bancocapital.com\/web\/wp-json\/wp\/v2\/pages"}],"about":[{"href":"https:\/\/www.bancocapital.com\/web\/wp-json\/wp\/v2\/types\/page"}],"author":[{"embeddable":true,"href":"https:\/\/www.bancocapital.com\/web\/wp-json\/wp\/v2\/users\/1"}],"replies":[{"embeddable":true,"href":"https:\/\/www.bancocapital.com\/web\/wp-json\/wp\/v2\/comments?post=936"}],"version-history":[{"count":52,"href":"https:\/\/www.bancocapital.com\/web\/wp-json\/wp\/v2\/pages\/936\/revisions"}],"predecessor-version":[{"id":4569,"href":"https:\/\/www.bancocapital.com\/web\/wp-json\/wp\/v2\/pages\/936\/revisions\/4569"}],"wp:attachment":[{"href":"https:\/\/www.bancocapital.com\/web\/wp-json\/wp\/v2\/media?parent=936"}],"curies":[{"name":"wp","href":"https:\/\/api.w.org\/{rel}","templated":true}]}}